{"id":1378,"date":"2023-09-10T23:00:32","date_gmt":"2023-09-10T21:00:32","guid":{"rendered":"http:\/\/veauthier2024.de.w01f6436.kasserver.com\/?page_id=1378"},"modified":"2025-06-23T15:23:37","modified_gmt":"2025-06-23T13:23:37","slug":"welcome-2","status":"publish","type":"page","link":"https:\/\/veauthier.de\/en\/","title":{"rendered":"Veauthier Architekt BDA"},"content":{"rendered":"<div class=\"wpb-content-wrapper\"><div data-parent=\"true\" class=\"vc_row row-container\" id=\"row-unique-0\"><div class=\"row no-top-padding no-bottom-padding no-h-padding row-slider row-parent\" data-height-ratio=\"full\" data-minheight=\"600\"><div class=\"owl-carousel-wrapper style-light\"><div class=\"uncode-slider owl-carousel-container owl-dots-inside owl-dots-align-center\"><div id=\"uslider_977517520\" class=\"owl-carousel owl-element owl-dots-inside owl-height-forced\" data-fade=\"true\" data-loop=\"true\" data-autoheight=\"false\" data-nav=\"true\" data-dotsmobile=\"false\" data-dots=\"false\" data-navspeed=\"1000\" data-autoplay=\"true\" data-timeout=\"5000\" data-lg=\"1\" data-md=\"1\" data-sm=\"1\" data-limit-width=\"false\"><div class=\"vc_row row-internal row-container\"><div class=\"row-background background-element\">\n\t\t\t\t\t\t\t\t\t\t\t<div class=\"background-wrapper\">\n\t\t\t\t\t\t\t\t\t\t\t\t<div class=\"background-inner\" style=\"background-image: url(https:\/\/veauthier.de\/wp-content\/uploads\/2023\/07\/Institutsgebaeude_fuer_Sprachforschung_1_Veauthier.jpg);background-repeat: no-repeat;background-position: center center;background-attachment: scroll;background-size: cover;\"><\/div>\n\t\t\t\t\t\t\t\t\t\t\t\t\n\t\t\t\t\t\t\t\t\t\t\t<\/div>\n\t\t\t\t\t\t\t\t\t\t<\/div><div class=\"row single-top-padding single-bottom-padding single-h-padding row-child limit-width\"><div class=\"wpb_row row-inner\"><div class=\"wpb_column pos-top pos-center align_left column_child col-lg-12 single-internal-gutter\"><div class=\"uncol style-light\" ><div class=\"uncoltable\"><div class=\"uncell no-block-padding\" ><div class=\"uncont\" ><div class=\"empty-space empty-quad\" ><span class=\"empty-space-inner\"><\/span><\/div>\n<div class=\"empty-space empty-double\" ><span class=\"empty-space-inner\"><\/span><\/div>\n<\/div><\/div><\/div><\/div><\/div><\/div><\/div><\/div><div class=\"vc_row row-internal row-container\"><div class=\"row-background background-element\">\n\t\t\t\t\t\t\t\t\t\t\t<div class=\"background-wrapper\">\n\t\t\t\t\t\t\t\t\t\t\t\t<div class=\"background-inner\" style=\"background-image: url(https:\/\/veauthier.de\/wp-content\/uploads\/2023\/07\/Sporthalle_Gerhart-Hauptmann-Gymnasium_1_Veauthier.jpg);background-repeat: no-repeat;background-position: center center;background-attachment: scroll;background-size: cover;\"><\/div>\n\t\t\t\t\t\t\t\t\t\t\t\t\n\t\t\t\t\t\t\t\t\t\t\t<\/div>\n\t\t\t\t\t\t\t\t\t\t<\/div><div class=\"row single-top-padding single-bottom-padding single-h-padding row-child limit-width\"><div class=\"wpb_row row-inner\"><div class=\"wpb_column pos-top pos-center align_left column_child col-lg-12 single-internal-gutter\"><div class=\"uncol style-light\" ><div class=\"uncoltable\"><div class=\"uncell no-block-padding\" ><div class=\"uncont\" ><\/div><\/div><\/div><\/div><\/div><\/div><\/div><\/div><div class=\"vc_row row-internal row-container\"><div class=\"row-background background-element\">\n\t\t\t\t\t\t\t\t\t\t\t<div class=\"background-wrapper\">\n\t\t\t\t\t\t\t\t\t\t\t\t<div class=\"background-inner\" style=\"background-image: url(https:\/\/veauthier.de\/wp-content\/uploads\/2023\/07\/Forschungsgebaeude_CISPA_2_Veauthier.jpg);background-repeat: no-repeat;background-position: center center;background-attachment: scroll;background-size: cover;\"><\/div>\n\t\t\t\t\t\t\t\t\t\t\t\t\n\t\t\t\t\t\t\t\t\t\t\t<\/div>\n\t\t\t\t\t\t\t\t\t\t<\/div><div class=\"row single-top-padding single-bottom-padding single-h-padding row-child limit-width\"><div class=\"wpb_row row-inner\"><div class=\"wpb_column pos-top pos-center align_left column_child col-lg-12 single-internal-gutter\"><div class=\"uncol style-light\" ><div class=\"uncoltable\"><div class=\"uncell no-block-padding\" ><div class=\"uncont\" ><\/div><\/div><\/div><\/div><\/div><\/div><\/div><\/div><div class=\"vc_row row-internal row-container\"><div class=\"row-background background-element\">\n\t\t\t\t\t\t\t\t\t\t\t<div class=\"background-wrapper\">\n\t\t\t\t\t\t\t\t\t\t\t\t<div class=\"background-inner\" style=\"background-image: url(https:\/\/veauthier.de\/wp-content\/uploads\/2023\/07\/Wohnungsbau_Matthiasstrase_1_Veauthier.jpg);background-repeat: no-repeat;background-position: center center;background-attachment: scroll;background-size: cover;\"><\/div>\n\t\t\t\t\t\t\t\t\t\t\t\t\n\t\t\t\t\t\t\t\t\t\t\t<\/div>\n\t\t\t\t\t\t\t\t\t\t<\/div><div class=\"row single-top-padding single-bottom-padding single-h-padding row-child limit-width\"><div class=\"wpb_row row-inner\"><div class=\"wpb_column pos-top pos-center align_left column_child col-lg-12 single-internal-gutter\"><div class=\"uncol style-light\" ><div class=\"uncoltable\"><div class=\"uncell no-block-padding\" ><div class=\"uncont\" ><\/div><\/div><\/div><\/div><\/div><\/div><\/div><\/div><\/div><div class=\"uncode_slider-dot_classes single-h-padding\"><\/div><\/div><\/div><script id=\"script-row-unique-0\" data-row=\"script-row-unique-0\" type=\"text\/javascript\" class=\"vc_controls\">UNCODE.initRow(document.getElementById(\"row-unique-0\"));<\/script><\/div><\/div><div data-parent=\"true\" class=\"vc_row row-container\" style=\"z-index: 10;\" id=\"row-unique-1\"><div class=\"row single-top-padding single-bottom-padding no-h-padding limit-width row-parent\"><div class=\"wpb_row row-inner\"><div class=\"wpb_column pos-top pos-center align_left column_parent col-lg-6 no-internal-gutter\"><div class=\"uncol style-light animate_when_almost_visible alpha-anim\"  data-delay=\"200\" data-speed=\"1000\"><div class=\"uncoltable\"><div class=\"uncell no-block-padding\" ><div class=\"uncont\" ><div class=\"vc_custom_heading_wrap\"><div class=\"heading-text el-text\" ><h1 class=\"h2\" ><span>Veauthier Architekt BDA<\/span><\/h1><\/div><div class=\"clear\"><\/div><\/div><div class=\"uncode_text_column\" ><p>As architects, we design for private and public clients and manage projects from preparation to design and construction. With 25 years of experience in the design and management of public and private building projects, we know what is important and can adapt to different client profiles.<\/p>\n<p>\n<\/div><\/div><\/div><\/div><\/div><\/div><div class=\"wpb_column pos-top pos-center align_left column_parent col-lg-6 single-internal-gutter\"><div class=\"uncol style-light\"  ><div class=\"uncoltable\"><div class=\"uncell no-block-padding\" ><div class=\"uncont\" ><\/div><\/div><\/div><\/div><\/div><script id=\"script-row-unique-1\" data-row=\"script-row-unique-1\" type=\"text\/javascript\" class=\"vc_controls\">UNCODE.initRow(document.getElementById(\"row-unique-1\"));<\/script><\/div><\/div><\/div><\/div>","protected":false},"excerpt":{"rendered":"Veauthier Architekt BDAAls Architekten planen wir f\u00fcr private und \u00f6ffentliche Bauherren, steuern Projekte von der Vorbereitung \u00fcber die Planung bis [...]","protected":false},"author":1,"featured_media":1196,"parent":0,"menu_order":0,"comment_status":"closed","ping_status":"closed","template":"","meta":{"footnotes":""},"class_list":["post-1378","page","type-page","status-publish","has-post-thumbnail","hentry"],"_links":{"self":[{"href":"https:\/\/veauthier.de\/en\/wp-json\/wp\/v2\/pages\/1378","targetHints":{"allow":["GET"]}}],"collection":[{"href":"https:\/\/veauthier.de\/en\/wp-json\/wp\/v2\/pages"}],"about":[{"href":"https:\/\/veauthier.de\/en\/wp-json\/wp\/v2\/types\/page"}],"author":[{"embeddable":true,"href":"https:\/\/veauthier.de\/en\/wp-json\/wp\/v2\/users\/1"}],"replies":[{"embeddable":true,"href":"https:\/\/veauthier.de\/en\/wp-json\/wp\/v2\/comments?post=1378"}],"version-history":[{"count":53,"href":"https:\/\/veauthier.de\/en\/wp-json\/wp\/v2\/pages\/1378\/revisions"}],"predecessor-version":[{"id":2661,"href":"https:\/\/veauthier.de\/en\/wp-json\/wp\/v2\/pages\/1378\/revisions\/2661"}],"wp:featuredmedia":[{"embeddable":true,"href":"https:\/\/veauthier.de\/en\/wp-json\/wp\/v2\/media\/1196"}],"wp:attachment":[{"href":"https:\/\/veauthier.de\/en\/wp-json\/wp\/v2\/media?parent=1378"}],"curies":[{"name":"wp","href":"https:\/\/api.w.org\/{rel}","templated":true}]}}